{"id":76,"date":"2024-01-18T21:02:21","date_gmt":"2024-01-18T21:02:21","guid":{"rendered":"https:\/\/art-renaissance.ch\/?page_id=76"},"modified":"2024-02-08T07:26:13","modified_gmt":"2024-02-08T07:26:13","slug":"agb","status":"publish","type":"page","link":"https:\/\/art-renaissance.ch\/en\/agb\/","title":{"rendered":"AGB"},"content":{"rendered":"<div data-elementor-type=\"wp-page\" data-elementor-id=\"76\" class=\"elementor elementor-76\">\n\t\t\t\t\t\t<section class=\"ob-is-breaking-bad elementor-section elementor-top-section elementor-element elementor-element-62fbad9 elementor-section-boxed elementor-section-height-default elementor-section-height-default\" data-id=\"62fbad9\" data-element_type=\"section\" data-settings=\"{&quot;background_background&quot;:&quot;classic&quot;,&quot;_ob_bbad_use_it&quot;:&quot;yes&quot;,&quot;_ob_bbad_sssic_use&quot;:&quot;no&quot;,&quot;_ob_glider_is_slider&quot;:&quot;no&quot;}\">\n\t\t\t\t\t\t<div class=\"elementor-container elementor-column-gap-default\">\n\t\t\t\t\t<div class=\"elementor-column elementor-col-100 elementor-top-column elementor-element elementor-element-7f8548a6\" data-id=\"7f8548a6\" data-element_type=\"column\" data-settings=\"{&quot;_ob_bbad_is_stalker&quot;:&quot;no&quot;,&quot;_ob_teleporter_use&quot;:false,&quot;_ob_column_hoveranimator&quot;:&quot;no&quot;,&quot;_ob_column_has_pseudo&quot;:&quot;no&quot;}\">\n\t\t\t<div class=\"elementor-widget-wrap elementor-element-populated\">\n\t\t\t\t\t\t<div class=\"elementor-element elementor-element-231cdf4a ob-harakiri-inherit ob-has-background-overlay elementor-widget elementor-widget-text-editor\" data-id=\"231cdf4a\" data-element_type=\"widget\" data-settings=\"{&quot;_ob_use_harakiri&quot;:&quot;yes&quot;,&quot;_ob_harakiri_writing_mode&quot;:&quot;inherit&quot;,&quot;_ob_postman_use&quot;:&quot;no&quot;,&quot;_ob_perspektive_use&quot;:&quot;no&quot;,&quot;_ob_poopart_use&quot;:&quot;yes&quot;,&quot;_ob_shadough_use&quot;:&quot;no&quot;,&quot;_ob_allow_hoveranimator&quot;:&quot;no&quot;,&quot;_ob_widget_stalker_use&quot;:&quot;no&quot;}\" data-widget_type=\"text-editor.default\">\n\t\t\t\t<div class=\"elementor-widget-container\">\n\t\t\t\t\t\t\t\t\t<h3>Gesch\u00e4ftsbedingungen f\u00fcr Kunstworkshops und Veranstaltungen von Art Renaissance<\/h3><h4>1. Einf\u00fchrung<\/h4><p>&#8211; Diese Gesch\u00e4ftsbedingungen regeln Ihre Teilnahme an den Kursen, Kunstworkshops und Veranstaltungen, die von Art Renaissance (\u201eVeranstalter\u201c) organisiert werden.<br \/>&#8211; Mit der Anmeldung zu einem Kurs, Workshop oder einer Veranstaltung erkl\u00e4ren sich die Teilnehmer (\u201eSie\u201c) mit diesen Gesch\u00e4ftsbedingungen einverstanden.<\/p><h4>2. Anmeldung und Zahlung<\/h4><p>&#8211; Die Teilnehmer m\u00fcssen sich im Voraus f\u00fcr Kurse, Workshops und Veranstaltungen anmelden.<br \/>&#8211; Die vollst\u00e4ndige Zahlung ist zum Zeitpunkt der Anmeldung erforderlich. Nach R\u00fccksprache besteht auch die M\u00f6glichkeit, monatliche Ratenzahlungen zu vereinbaren.<br \/>&#8211; Alle Geb\u00fchren sind in CHF angegeben. Die Geb\u00fchren beinhalten alle anwendbaren Steuern.<\/p><h4>3. Stornierungs- und R\u00fcckerstattungsrichtlinien<\/h4><p>&#8211; Mit Ihrer Anmeldung sichern Sie sich einen Platz, daher ist eine R\u00fcckerstattung nicht m\u00f6glich. <br \/>Eine Abmeldung sollte sp\u00e4testens 5 Tage vor dem Kurstag erfolgen, um die vers\u00e4umten Lektionen nachholen zu k\u00f6nnen.<br \/>Bei Krankheit besteht die M\u00f6glichkeit, vers\u00e4umte Lektionen ebenfalls nachzuholen.<\/p><h4>4. Veranstaltungs\u00e4nderungen und -absage durch den Veranstalter<\/h4><p>&#8211; Der Veranstalter beh\u00e4lt sich das Recht vor, jederzeit das Datum, den Veranstaltungsort oder den Inhalt der Kurse, Workshops und Veranstaltungen zu \u00e4ndern oder abzusagen.<br \/>&#8211; Im Falle einer Absage durch den Veranstalter werden die Teilnehmer benachrichtigt. Der Veranstalter wird sich darum k\u00fcmmern, eine geeignete Stellvertretung zu organisieren.<\/p><p>&#8211; Sollte der Kurs, Workshop oder die Veranstaltung nicht zustande kommen, haben die Teilnehmer die M\u00f6glichkeit, an einem verschobenen Kurs, Workshop oder einer alternativen Veranstaltung teilzunehmen.<\/p><h4>5. Verhalten und Sicherheit<\/h4><p>&#8211; Von den Teilnehmern wird erwartet, dass sie sich jederzeit professionell und respektvoll verhalten.<br \/>&#8211; Der Veranstalter beh\u00e4lt sich das Recht vor, jeden Teilnehmer, der als st\u00f6rend oder unangemessen handelnd erachtet wird, ohne R\u00fcckerstattung zu entfernen.<br \/>&#8211; Die Teilnehmer m\u00fcssen alle w\u00e4hrend des Workshops oder der Veranstaltung gegebenen Sicherheitsanweisungen befolgen.<\/p><h4>6. Geistiges Eigentum<\/h4><p>&#8211; Alle Materialien von Workshops und Veranstaltungen sind geistiges Eigentum von der Art Renaissance oder seinen Beitragenden.<br \/>&#8211; Die Teilnehmer d\u00fcrfen die Materialien nicht ohne schriftliche Zustimmung des Veranstalters f\u00fcr kommerzielle Zwecke verwenden.<\/p><h4>7. Haftungsbeschr\u00e4nkung<\/h4><p>&#8211; Der Veranstalter ist nicht verantwortlich f\u00fcr pers\u00f6nliche Verletzungen oder Sch\u00e4den an Eigentum, die w\u00e4hrend der Workshops oder Veranstaltungen auftreten.<br \/>&#8211; Die Teilnehmer nehmen auf eigenes Risiko an den Workshops und Veranstaltungen teil.<\/p><h4>8. Datenschutzrichtlinie<\/h4><p>&#8211; Pers\u00f6nliche Informationen, die w\u00e4hrend der Anmeldung gesammelt werden, werden gem\u00e4\u00df unserer Datenschutzrichtlinie verwendet. Diese werden nicht an 3te weitergegeben.\u00a0<\/p><h4>9. Anwendbares Recht<\/h4><p>&#8211; Diese Gesch\u00e4ftsbedingungen unterliegen den Gesetzen von Z\u00fcrich Switzerland.<\/p><h4>10. Kontakt<\/h4><p>&#8211; Kontaktieren Sie uns bei Fragen \u00fcber das Kontaktformular.<\/p><p>Last update: 06.01.2024<\/p>\t\t\t\t\t\t\t\t<\/div>\n\t\t\t\t<\/div>\n\t\t\t\t\t<\/div>\n\t\t<\/div>\n\t\t\t\t\t<\/div>\n\t\t<\/section>\n\t\t\t\t<\/div>","protected":false},"excerpt":{"rendered":"<p>Gesch\u00e4ftsbedingungen f\u00fcr Kunstworkshops und Veranstaltungen von Art Renaissance 1. Einf\u00fchrung &#8211; Diese Gesch\u00e4ftsbedingungen regeln Ihre Teilnahme an den Kursen, Kunstworkshops und Veranstaltungen, die von Art Renaissance (\u201eVeranstalter\u201c) organisiert werden.&#8211; Mit der Anmeldung zu einem Kurs, Workshop oder einer Veranstaltung erkl\u00e4ren sich die Teilnehmer (\u201eSie\u201c) mit diesen Gesch\u00e4ftsbedingungen einverstanden. 2. Anmeldung und Zahlung &#8211; Die Teilnehmer [&hellip;]<\/p>","protected":false},"author":1,"featured_media":0,"parent":0,"menu_order":0,"comment_status":"closed","ping_status":"closed","template":"","meta":{"_monsterinsights_skip_tracking":false,"_monsterinsights_sitenote_active":false,"_monsterinsights_sitenote_note":"","_monsterinsights_sitenote_category":0,"footnotes":""},"aioseo_notices":[],"_links":{"self":[{"href":"https:\/\/art-renaissance.ch\/en\/wp-json\/wp\/v2\/pages\/76"}],"collection":[{"href":"https:\/\/art-renaissance.ch\/en\/wp-json\/wp\/v2\/pages"}],"about":[{"href":"https:\/\/art-renaissance.ch\/en\/wp-json\/wp\/v2\/types\/page"}],"author":[{"embeddable":true,"href":"https:\/\/art-renaissance.ch\/en\/wp-json\/wp\/v2\/users\/1"}],"replies":[{"embeddable":true,"href":"https:\/\/art-renaissance.ch\/en\/wp-json\/wp\/v2\/comments?post=76"}],"version-history":[{"count":13,"href":"https:\/\/art-renaissance.ch\/en\/wp-json\/wp\/v2\/pages\/76\/revisions"}],"predecessor-version":[{"id":565,"href":"https:\/\/art-renaissance.ch\/en\/wp-json\/wp\/v2\/pages\/76\/revisions\/565"}],"wp:attachment":[{"href":"https:\/\/art-renaissance.ch\/en\/wp-json\/wp\/v2\/media?parent=76"}],"curies":[{"name":"wp","href":"https:\/\/api.w.org\/{rel}","templated":true}]}}