{"id":81,"date":"2024-01-11T13:45:55","date_gmt":"2024-01-11T13:45:55","guid":{"rendered":"https:\/\/art-renaissance.ch\/?post_type=product&#038;p=81"},"modified":"2024-12-28T12:55:17","modified_gmt":"2024-12-28T12:55:17","slug":"oel-malerei","status":"publish","type":"product","link":"https:\/\/art-renaissance.ch\/en\/product\/oel-malerei\/","title":{"rendered":"\u00d6l Malkurs f\u00fcr Jugendliche von 12 &#8211; 18 Jahren <p style=\"font-size:14px\">with Carina<\/p>"},"content":{"rendered":"<h3>Der Kurs Inhalt:<\/h3>\n<p class=\"cvGsUA direction-ltr align-start para-style-body\"><strong><span class=\"OYPEnA text-decoration-none text-strikethrough-none\">Skizzieren<br \/>\n<\/span><\/strong><\/p>\n<p class=\"cvGsUA direction-ltr align-start para-style-body\">Lerne, wie du mit klaren Linien und Proportionen die Grundlage f\u00fcr deine Kunstwerke schaffst.<\/p>\n<p><strong><span class=\"OYPEnA text-decoration-none text-strikethrough-none\">Pinsel und Mediums<\/span><\/strong><\/p>\n<p>Lerne, welche Pinsel du brauchst und wie du sie richtig anwendest.<\/p>\n<p class=\"cvGsUA direction-ltr align-start para-style-body\"><strong><span class=\"OYPEnA text-decoration-none text-strikethrough-none\">Schatten &amp; Licht<\/span><\/strong><\/p>\n<p class=\"cvGsUA direction-ltr align-start para-style-body\">Lerne, wie du Schattierungen malst, um Formen und Landschaften lebendig wirken zu lassen.<\/p>\n<p class=\"cvGsUA direction-ltr align-start para-style-body\"><strong><span class=\"OYPEnA text-decoration-none text-strikethrough-none\">Farbmischung<\/span><\/strong><\/p>\n<p class=\"cvGsUA direction-ltr align-start para-style-body\">Lerne, wie du Farben richtig mischst, um das gew\u00fcnschte Ergebnis zu erzielen.<\/p>\n<p class=\"cvGsUA direction-ltr align-start para-style-body\"><strong><span class=\"OYPEnA text-decoration-none text-strikethrough-none\">Farbbalance<\/span><\/strong><\/p>\n<p class=\"cvGsUA direction-ltr align-start para-style-body\">Lerne, welche Farben du am besten einsetzt, um eine harmonische Farbbalance zu erreichen.<\/p>\n<p class=\"cvGsUA direction-ltr align-start para-style-body\"><strong><span class=\"OYPEnA text-decoration-none text-strikethrough-none\">Perspektiven und Formen<\/span><\/strong><\/p>\n<p class=\"cvGsUA direction-ltr align-start para-style-body\">Lerne, wie du Formen, Objekte und Landschaften mit Hilfe von Pinself\u00fchrung und Perspektive gekonnt malst.<\/p>\n<p class=\"cvGsUA direction-ltr align-start para-style-body\"><strong><span class=\"OYPEnA text-decoration-none text-strikethrough-none\">Schichttechniken<\/span><\/strong><\/p>\n<p class=\"cvGsUA direction-ltr align-start para-style-body\">Lerne, wie du am besten vorgehst, wenn du ein neues Bild startest, und wie du mit Schichttechniken arbeitest.<\/p>\n<p>&nbsp;<\/p>\n<p class=\"cvGsUA direction-ltr align-start para-style-body\"><strong><span class=\"OYPEnA text-decoration-none text-strikethrough-none\">Wir werden mit Wasserl\u00f6sliche \u00d6lfarben arbeiten:<\/span><\/strong><\/p>\n<p class=\"cvGsUA direction-ltr align-start para-style-body\"><span class=\"OYPEnA text-decoration-none text-strikethrough-none\">Ich verwende wasserl\u00f6sliche \u00d6lfarben, wenn ich mit Kindern arbeite. Diese Farben haben die gleiche hohe Qualit\u00e4t wie herk\u00f6mmliche \u00d6lfarben, aber mit dem Vorteil, dass wir keine toxischen L\u00f6sungsmittel zum Malen oder Reinigen ben\u00f6tigen.<\/span><\/p>\n<p class=\"cvGsUA direction-ltr align-start para-style-body\"><span class=\"OYPEnA text-decoration-none text-strikethrough-none\">Dies stellt eine bedeutende Weiterentwicklung der Maltechniken dar. Wir k\u00f6nnen nun Kindern schon in jungen Jahren die Leichtigkeit und die einzigartigen Eigenschaften der \u00d6lmalerei n\u00e4herbringen, ohne sie sch\u00e4dlichen Chemikalien auszusetzen.<\/span><\/p>","protected":false},"excerpt":{"rendered":"<p>Um am Kurs teilnehmen zu k\u00f6nnen, ben\u00f6tigen die Kursteilnehmer\/innen von Anfang an ihre eigenen Malutensilien. Nach der Anmeldung erhalten Sie eine Einkaufsliste mit den ben\u00f6tigten Materialien. Das Ziel ist, dass die Jugendlichen auch zu Hause selbstst\u00e4ndig weiter malen k\u00f6nnen.<br \/>\n<em>Die Gesamtkosten f\u00fcr die Materialien belaufen sich auf ca. 250 bis 350 CHF.<\/em><\/p>\n<p><strong>Hinweis<\/strong>: Der Kurs findet nur statt, wenn gen\u00fcgend Anmeldungen vorliegen. Sollte der Kurs nicht zustande kommen, wird das Geld vollst\u00e4ndig zur\u00fcckerstattet.<\/p>","protected":false},"featured_media":0,"template":"","meta":{"_monsterinsights_skip_tracking":false,"_monsterinsights_sitenote_active":false,"_monsterinsights_sitenote_note":"","_monsterinsights_sitenote_category":0},"product_cat":[16],"product_tag":[],"aioseo_notices":[],"_links":{"self":[{"href":"https:\/\/art-renaissance.ch\/en\/wp-json\/wp\/v2\/product\/81"}],"collection":[{"href":"https:\/\/art-renaissance.ch\/en\/wp-json\/wp\/v2\/product"}],"about":[{"href":"https:\/\/art-renaissance.ch\/en\/wp-json\/wp\/v2\/types\/product"}],"wp:attachment":[{"href":"https:\/\/art-renaissance.ch\/en\/wp-json\/wp\/v2\/media?parent=81"}],"wp:term":[{"taxonomy":"product_cat","embeddable":true,"href":"https:\/\/art-renaissance.ch\/en\/wp-json\/wp\/v2\/product_cat?post=81"},{"taxonomy":"product_tag","embeddable":true,"href":"https:\/\/art-renaissance.ch\/en\/wp-json\/wp\/v2\/product_tag?post=81"}],"curies":[{"name":"wp","href":"https:\/\/api.w.org\/{rel}","templated":true}]}}